{"id":355,"date":"2012-04-12T12:36:58","date_gmt":"2012-04-12T11:36:58","guid":{"rendered":"http:\/\/www.bagn.no\/?page_id=355"},"modified":"2023-04-16T16:41:54","modified_gmt":"2023-04-16T14:41:54","slug":"annonse","status":"publish","type":"page","link":"https:\/\/bagn.no\/?page_id=355","title":{"rendered":"Noe du \u00f8nsker lagt ut?"},"content":{"rendered":"<p>Har du noe p\u00e5 hjertet, \u00f8nsker du \u00e5 f\u00e5\u00a0ut informasjon eller vil tipse om\/lage en reportasje om noe som har foreg\u00e5tt i lokalmilj\u00f8et v\u00e5rt?\u00a0\u00a0\u00a0Send det til oss!<\/p>\n<h5>Bagn.no er nettside for nyheter og aktuelle saker fra n\u00e6rmilj\u00f8et. Ingen nyheter for liten og ingen for stor. Gjern eta med ett bild eller 2. Vi holder oss fortrinnsvis i s\u00f8ndre delen av Valdres, men har det noen interesse lokalt s\u00e5 legger vi det ut.<\/h5>\n<h5>Om du \u00f8nsker \u00e5 f\u00e5 lagt ut saker p\u00e5 bagn.no s\u00e5 send e-post til redaksjonen@bagn.no<\/h5>\n<p>Vi legger inn arrangementet i kalenderen &laquo;hva skjer&raquo;<\/p>\n<p>Det koster ikke noe \u00e5 f\u00e5 lagt ut artikler og nyttig informasjon p\u00e5 bagn.no<\/p>\n","protected":false},"excerpt":{"rendered":"<p>Har du noe p\u00e5 hjertet, \u00f8nsker du \u00e5 f\u00e5\u00a0ut informasjon eller vil tipse om\/lage en reportasje om noe som har foreg\u00e5tt i lokalmilj\u00f8et v\u00e5rt?\u00a0\u00a0\u00a0Send det til oss! Bagn.no er nettside for nyheter og aktuelle saker fra n\u00e6rmilj\u00f8et. Ingen nyheter for liten og ingen for stor. Gjern eta med ett bild eller 2. Vi holder oss [&hellip;]<\/p>\n","protected":false},"author":2,"featured_media":0,"parent":345,"menu_order":0,"comment_status":"open","ping_status":"closed","template":"","meta":{"footnotes":""},"class_list":["post-355","page","type-page","status-publish","hentry"],"_links":{"self":[{"href":"https:\/\/bagn.no\/index.php?rest_route=\/wp\/v2\/pages\/355","targetHints":{"allow":["GET"]}}],"collection":[{"href":"https:\/\/bagn.no\/index.php?rest_route=\/wp\/v2\/pages"}],"about":[{"href":"https:\/\/bagn.no\/index.php?rest_route=\/wp\/v2\/types\/page"}],"author":[{"embeddable":true,"href":"https:\/\/bagn.no\/index.php?rest_route=\/wp\/v2\/users\/2"}],"replies":[{"embeddable":true,"href":"https:\/\/bagn.no\/index.php?rest_route=%2Fwp%2Fv2%2Fcomments&post=355"}],"version-history":[{"count":0,"href":"https:\/\/bagn.no\/index.php?rest_route=\/wp\/v2\/pages\/355\/revisions"}],"up":[{"embeddable":true,"href":"https:\/\/bagn.no\/index.php?rest_route=\/wp\/v2\/pages\/345"}],"wp:attachment":[{"href":"https:\/\/bagn.no\/index.php?rest_route=%2Fwp%2Fv2%2Fmedia&parent=355"}],"curies":[{"name":"wp","href":"https:\/\/api.w.org\/{rel}","templated":true}]}}