{"id":2160,"date":"2009-11-17T01:33:24","date_gmt":"2009-11-16T23:33:24","guid":{"rendered":"http:\/\/www.bagn.no\/?page_id=2160"},"modified":"2023-04-16T16:32:17","modified_gmt":"2023-04-16T14:32:17","slug":"medlemskap","status":"publish","type":"page","link":"https:\/\/bagn.no\/?page_id=2160","title":{"rendered":"Bli medlem i Bagn Idrettslag?"},"content":{"rendered":"<p><strong>Medlemskap i Bagn Idrettslag<\/strong><\/p>\n<p>Familiekontingent:\u00a0 500 kr (gjelder hele familien\u00a0tom det \u00e5ret barnet fyller 19 \u00e5r)<\/p>\n<p>Voksne: 250 kr<\/p>\n<p>Barn: 250 kr,<\/p>\n<p>Pensjonist:\u00a0 200 kr<\/p>\n<p>Treningsavgift treningsrommet: 1500 for 2023<\/p>\n<p>Medlemskap er p\u00e5krevd for deltagelse i aktivitet organisert gjennom Bagn idrettslag.<\/p>\n<p>Eventuell lagskontigent, treningsavgift osv kommer i tillegg<\/p>\n<p>Vi bruker idrettens l\u00f8sning Min idrett for administrasjon av medlemskap<\/p>\n<p><a href=\"https:\/\/medlemskap.nif.no\/Start\/Index\/22407\">Innmeldingsside (nif.no)<\/a><\/p>\n<p>For sp\u00f8rsm\u00e5l ang\u00e5ende medlemskap, innmelding, utmelding osv send e-post til post@bagnil.no s\u00e5 hjelper vi deg.<\/p>\n<p>Bagn IL,\u00a0\u00a0 Postboks 25,\u00a0\u00a0 2929 BAGN.<\/p>\n","protected":false},"excerpt":{"rendered":"<p>Medlemskap i Bagn Idrettslag Familiekontingent:\u00a0 500 kr (gjelder hele familien\u00a0tom det \u00e5ret barnet fyller 19 \u00e5r) Voksne: 250 kr Barn: 250 kr, Pensjonist:\u00a0 200 kr Treningsavgift treningsrommet: 1500 for 2023 Medlemskap er p\u00e5krevd for deltagelse i aktivitet organisert gjennom Bagn idrettslag. Eventuell lagskontigent, treningsavgift osv kommer i tillegg Vi bruker idrettens l\u00f8sning Min idrett for [&hellip;]<\/p>\n","protected":false},"author":3,"featured_media":0,"parent":4,"menu_order":3,"comment_status":"open","ping_status":"closed","template":"","meta":{"footnotes":""},"class_list":["post-2160","page","type-page","status-publish","hentry"],"_links":{"self":[{"href":"https:\/\/bagn.no\/index.php?rest_route=\/wp\/v2\/pages\/2160","targetHints":{"allow":["GET"]}}],"collection":[{"href":"https:\/\/bagn.no\/index.php?rest_route=\/wp\/v2\/pages"}],"about":[{"href":"https:\/\/bagn.no\/index.php?rest_route=\/wp\/v2\/types\/page"}],"author":[{"embeddable":true,"href":"https:\/\/bagn.no\/index.php?rest_route=\/wp\/v2\/users\/3"}],"replies":[{"embeddable":true,"href":"https:\/\/bagn.no\/index.php?rest_route=%2Fwp%2Fv2%2Fcomments&post=2160"}],"version-history":[{"count":0,"href":"https:\/\/bagn.no\/index.php?rest_route=\/wp\/v2\/pages\/2160\/revisions"}],"up":[{"embeddable":true,"href":"https:\/\/bagn.no\/index.php?rest_route=\/wp\/v2\/pages\/4"}],"wp:attachment":[{"href":"https:\/\/bagn.no\/index.php?rest_route=%2Fwp%2Fv2%2Fmedia&parent=2160"}],"curies":[{"name":"wp","href":"https:\/\/api.w.org\/{rel}","templated":true}]}}