{"id":1952,"date":"2009-10-18T23:32:29","date_gmt":"2009-10-18T21:32:29","guid":{"rendered":"http:\/\/www.bagn.no\/?page_id=1952"},"modified":"2017-03-25T20:36:25","modified_gmt":"2017-03-25T19:36:25","slug":"bagn-vel","status":"publish","type":"page","link":"https:\/\/bagn.no\/?page_id=1952","title":{"rendered":"Bagn Vel"},"content":{"rendered":"<p><img loading=\"lazy\" decoding=\"async\" class=\"alignleft size-medium wp-image-23741\" src=\"http:\/\/bagn.no\/wp-content\/uploads\/2016\/04\/BagnVel-plante3-300x225.jpg\" alt=\"BagnVel plante3\" width=\"300\" height=\"225\" \/>Etter \u00e5rsm\u00f8tet i Bagn Vel 16.mars 2017 ble det holdt styrem\u00f8te der det nye styret ble konstituert.\u00a0 Kari Thorsrud ble gjenvalgt som leder.\u00a0 Styremedlemmer er Kari Wold (sekret\u00e6r), Sigrid Marit Fr\u00f8islihagen (sekret\u00e6r), Leif Mo, Cor Ensink og Ingebj\u00f8rg M. Bakken (kasserer).\u00a0 Gunnar Hansebakken og Liv Brattrud er vararepresentanter.<\/p>\n<p>Protokoll fra det konstituerende m\u00f8tet er her: <a href=\"http:\/\/bagn.no\/wp-content\/uploads\/2009\/10\/Protokoll-fra-styrem\u00f8tet-Bagn-Vel-16.3.2017.docx\">Protokoll fra styrem\u00f8tet Bagn Vel 16.3.2017<\/a><\/p>\n<p>I 2016 skrev Bagn Vel:\u00a0 Bagn Vel har n\u00e5 totalt 174 medlemmer fordelt p\u00e5 160 familiemedlemmer pluss 14 bedrifts- og handelsstandsmedlemmer. Dette er en \u00f8kning p\u00e5 24 fra \u00e5ret f\u00f8r. Kontingenten for familiemedlemskap er fortsatt kr. 150,-. Vi er takknemlig for all den st\u00f8tte vi kan f\u00e5 og tar gjerne imot enda flere medlemmer. V\u00e5rt kontonummer er:<strong> 6185.56.59904. <img loading=\"lazy\" decoding=\"async\" class=\"size-medium wp-image-23742 alignright\" src=\"http:\/\/bagn.no\/wp-content\/uploads\/2016\/04\/bagnVel-Blomst-225x300.jpeg\" alt=\"bagnVel Blomst\" width=\"225\" height=\"300\" srcset=\"\/wp-content\/uploads\/2016\/04\/bagnVel-Blomst-225x300.jpeg 225w, \/wp-content\/uploads\/2016\/04\/bagnVel-Blomst-600x800.jpeg 600w, \/wp-content\/uploads\/2016\/04\/bagnVel-Blomst-768x1024.jpeg 768w, \/wp-content\/uploads\/2016\/04\/bagnVel-Blomst-scaled.jpeg 1920w\" sizes=\"auto, (max-width: 225px) 100vw, 225px\" \/><\/strong><\/p>\n<p>Bagn Vel har som m\u00e5l \u00e5 holde Bagn sentrum pent og ryddig. Dette gir bedre trivsel b\u00e5de for fastboende og tilreisende. F\u00f8rsteinntrykket er viktig for \u00e5 f\u00e5 flere til \u00e5 stoppe i Bagn \u2013 bl.a. for \u00e5 handle. Derfor planter vi ut blomster, vatner, setter ut benker og bord, raker, rydder og klipper. V\u00e5re siste \u00e5rs anlegg \u2013 ved Solbraut og Coop Prix \u2013 har v\u00e6rt krevende, men vellykket. Det har ogs\u00e5 resultert i sv\u00e6rt mange positive tilbakemeldinger. Anleggene krever imidlertid kontinuerlig vedlikehold. Det meste av arbeidet skjer ved frivillig innsats i form av dugnader. Til st\u00f8rre oppgaver m\u00e5 vi dessuten leie litt hjelp. Blomsterurnene ved innkj\u00f8ringa fra E-16 til sentrum har de siste \u00e5ra f\u00e5tt hard medfart under sn\u00f8br\u00f8ytinga. Disse m\u00e5 derfor skiftes ut. Dette blir den st\u00f8rste investeringa i \u00e5r \u2013 ved siden av blomster-\/plantekj\u00f8p.<\/p>\n<p>Kontaktadresse: Kari Thorsrud, Vestbygdvegen 73, 2930 Bagn \u2013 karisolbraut@gmail.com<\/p>\n<p>&nbsp;<\/p>\n<p>Bagns Vel skipa (<em>henta fr\u00e5 avisa Valdres 1947<\/em>)<\/p>\n<p>Laurdag 4. Januar vart det halde m\u00f8te p\u00e5 Meierisalen for \u00e5 dr\u00f8fta sp\u00f8rsm\u00e5let om \u00e5 starte ei velforening for Bagn. Det var dessverre ikkje m\u00f8tt fram so mange ein gjerne kunde ynkja, d\u00e5 det var fleire andre samankomster same dagen. Dei som som var m\u00f8tt fram var samde i at dette var eit tiltak bygdi s\u00e5rt trengde, og at laget eller foreninga vart heitande Bagns Vel. Bjarne Bang og K\u00e5re Hagen hadde utarbeidd eit forslag til lover. Etter nokre sm\u00e5 forandringar vart desse samstemmig vedtekne.Ein gjekk deretter over til val. Til formann i styret vart valt Ola Berg, og som styremedlemmer A. H\u00e5kerud og Bjarne Bang. Varamenn K. Gl\u00e6serud og K\u00e5re Hagen. I dei ymse komitear vart desse innvalde: Finanskomite: Alf Brustad, K. Gl\u00e6serud og Einar Thorsrud med varamenn Helge Pedersen og Oskar D\u00f8lven. Brannkomite: Arne O. F\u00f8nhus, Oskar D\u00f8lven og Kristian Fossn\u00e6r. Vramenn vart Elling Wold og Johs. J Listrud. Veg- og lyskomite: Arne Brenden, Ola Landmark og lensmannen, Varamenn Arne Langedrag og Ole Einar Thorsrud.<\/p>\n<p>Det vart gjort vedtak um \u00e5 leggja ein plan og setja i verk byggjing av eit WC-hus i n\u00e6rleiken av Fjeldheim, og um mogeleg i samanheng med hus for motorbrannspr\u00f8yta. Til arbediet med dette vart valt Lars Juvkam, Dagfin \u00d8stg\u00e5rd og Olaus Islandsmoen med Arne Brenden og Kr.O. Juvkam som varamennStyret valdre til kasserar A H\u00e5kerud og Bjarne B sekret\u00e6r. Ein uppmodar alle ibuarar i Bagn til \u00e5 studja upp om velet. Medlemskontigenten er 2 kroner og skal betalast til H\u00e5kerud<\/p>\n<p>Sekret\u00e6ren<\/p>\n","protected":false},"excerpt":{"rendered":"<p>Etter \u00e5rsm\u00f8tet i Bagn Vel 16.mars 2017 ble det holdt styrem\u00f8te der det nye styret ble konstituert.\u00a0 Kari Thorsrud ble gjenvalgt som leder.\u00a0 Styremedlemmer er Kari Wold (sekret\u00e6r), Sigrid Marit Fr\u00f8islihagen (sekret\u00e6r), Leif Mo, Cor Ensink og Ingebj\u00f8rg M. Bakken (kasserer).\u00a0 Gunnar Hansebakken og Liv Brattrud er vararepresentanter. Protokoll fra det konstituerende m\u00f8tet er her: [&hellip;]<\/p>\n","protected":false},"author":3,"featured_media":0,"parent":1940,"menu_order":0,"comment_status":"open","ping_status":"closed","template":"","meta":{"footnotes":""},"class_list":["post-1952","page","type-page","status-publish","hentry"],"_links":{"self":[{"href":"https:\/\/bagn.no\/index.php?rest_route=\/wp\/v2\/pages\/1952","targetHints":{"allow":["GET"]}}],"collection":[{"href":"https:\/\/bagn.no\/index.php?rest_route=\/wp\/v2\/pages"}],"about":[{"href":"https:\/\/bagn.no\/index.php?rest_route=\/wp\/v2\/types\/page"}],"author":[{"embeddable":true,"href":"https:\/\/bagn.no\/index.php?rest_route=\/wp\/v2\/users\/3"}],"replies":[{"embeddable":true,"href":"https:\/\/bagn.no\/index.php?rest_route=%2Fwp%2Fv2%2Fcomments&post=1952"}],"version-history":[{"count":0,"href":"https:\/\/bagn.no\/index.php?rest_route=\/wp\/v2\/pages\/1952\/revisions"}],"up":[{"embeddable":true,"href":"https:\/\/bagn.no\/index.php?rest_route=\/wp\/v2\/pages\/1940"}],"wp:attachment":[{"href":"https:\/\/bagn.no\/index.php?rest_route=%2Fwp%2Fv2%2Fmedia&parent=1952"}],"curies":[{"name":"wp","href":"https:\/\/api.w.org\/{rel}","templated":true}]}}