{"id":19080,"date":"2013-12-14T16:36:42","date_gmt":"2013-12-14T15:36:42","guid":{"rendered":"http:\/\/bagn.no\/?page_id=19080"},"modified":"2018-01-01T20:15:45","modified_gmt":"2018-01-01T19:15:45","slug":"saposten","status":"publish","type":"page","link":"https:\/\/bagn.no\/?page_id=19080","title":{"rendered":"SA-posten"},"content":{"rendered":"<p>Her finner du de siste utgavene av SAposten.<\/p>\n<p>SAposten gis ut av nettsidene bagn.no, reinli.no og begnadalen.no.<\/p>\n<p>Bagn Idrettslag st\u00e5r for finansieringen sammen med annons\u00f8rer. Den deles ut gratis til alle husstander i S\u00f8r-Aurdal samt Nes i \u00c5dal. Det er ingen ansatte i SAposten og alt innhold gj\u00f8res p\u00e5 frivillig basis. Oppsett&amp; layout gj\u00f8res av mediaprofil AS og den trykkes hos 07 gruppen.<\/p>\n<p><a href=\"http:\/\/bagn.no\/wp-content\/uploads\/2018\/01\/SA-03-2017-Web.pdf\">SA-03-2017-Web<\/a><\/p>\n<p><a href=\"http:\/\/bagn.no\/wp-content\/uploads\/2017\/06\/SAposten-02-2017.pdf\">SAposten-02-2017<\/a><\/p>\n<p><a href=\"http:\/\/bagn.no\/wp-content\/uploads\/2017\/03\/SA-posten-1_2017.pdf\">SA-posten 1_2017<\/a>\u00a0\u00a0 <img loading=\"lazy\" decoding=\"async\" class=\"alignright size-medium wp-image-24635\" src=\"http:\/\/bagn.no\/wp-content\/uploads\/2017\/03\/SA-posten-206x300.jpg\" alt=\"\" width=\"206\" height=\"300\" srcset=\"\/wp-content\/uploads\/2017\/03\/SA-posten-206x300.jpg 206w, \/wp-content\/uploads\/2017\/03\/SA-posten-600x875.jpg 600w, \/wp-content\/uploads\/2017\/03\/SA-posten-768x1120.jpg 768w, \/wp-content\/uploads\/2017\/03\/SA-posten-702x1024.jpg 702w, \/wp-content\/uploads\/2017\/03\/SA-posten.jpg 1745w\" sizes=\"auto, (max-width: 206px) 100vw, 206px\" \/><\/p>\n<p><a href=\"http:\/\/bagn.no\/wp-content\/uploads\/2016\/11\/SA-posten-nr-4-i-2016.pdf\">sa-posten-nr-4-i-2016<\/a>\u00a0\u00a0\u00a0\u00a0\u00a0\u00a0\u00a0 <img loading=\"lazy\" decoding=\"async\" class=\"size-medium wp-image-24245 alignright\" src=\"http:\/\/bagn.no\/wp-content\/uploads\/2016\/11\/SA-posten-nr-4-i-2016-208x300.gif\" alt=\"sa-posten-nr-4-i-2016\" width=\"208\" height=\"300\" \/><\/p>\n<p><a href=\"http:\/\/bagn.no\/wp-content\/uploads\/2016\/09\/SA-posten-03-2016.pdf\">sa-posten-03-2016<\/a><\/p>\n<p><a href=\"http:\/\/bagn.no\/wp-content\/uploads\/2013\/12\/SA-posten-2-16-1.pdf\">sa-posten-2-16<\/a><\/p>\n<p><a href=\"http:\/\/bagn.no\/wp-content\/uploads\/2016\/02\/SA-01-2016-Web.pdf\">SA-01-2016-Web<\/a><\/p>\n<p><a href=\"http:\/\/bagn.no\/wp-content\/uploads\/2013\/12\/SA-posten-05-2015.pdf\">SA-posten 05-2015<\/a><\/p>\n<p><a href=\"http:\/\/bagn.no\/wp-content\/uploads\/2015\/10\/SA-posten3_2015.pdf\">SA-posten3_2015<\/a><\/p>\n<p><a href=\"http:\/\/bagn.no\/wp-content\/uploads\/2013\/12\/SAposten-02-2015-Web.pdf\">SAposten-02-2015-Web<\/a><\/p>\n<p>&nbsp;<\/p>\n<p><img loading=\"lazy\" decoding=\"async\" class=\"alignright size-medium wp-image-23587\" src=\"http:\/\/bagn.no\/wp-content\/uploads\/2016\/02\/SA-01-2016-212x300.jpg\" alt=\"SA-01-2016\" width=\"212\" height=\"300\" srcset=\"\/wp-content\/uploads\/2016\/02\/SA-01-2016-212x300.jpg 212w, \/wp-content\/uploads\/2016\/02\/SA-01-2016-600x849.jpg 600w, \/wp-content\/uploads\/2016\/02\/SA-01-2016-768x1086.jpg 768w, \/wp-content\/uploads\/2016\/02\/SA-01-2016-724x1024.jpg 724w, \/wp-content\/uploads\/2016\/02\/SA-01-2016.jpg 1240w\" sizes=\"auto, (max-width: 212px) 100vw, 212px\" \/><a href=\"http:\/\/bagn.no\/wp-content\/uploads\/2013\/12\/SA-posten-framside.jpg\"><img loading=\"lazy\" decoding=\"async\" class=\"alignright size-medium wp-image-22366\" src=\"http:\/\/bagn.no\/wp-content\/uploads\/2013\/12\/SA-posten-framside-213x300.jpg\" alt=\"SA-posten framside\" width=\"213\" height=\"300\" srcset=\"\/wp-content\/uploads\/2013\/12\/SA-posten-framside-213x300.jpg 213w, \/wp-content\/uploads\/2013\/12\/SA-posten-framside-600x844.jpg 600w, \/wp-content\/uploads\/2013\/12\/SA-posten-framside-728x1024.jpg 728w, \/wp-content\/uploads\/2013\/12\/SA-posten-framside.jpg 1679w\" sizes=\"auto, (max-width: 213px) 100vw, 213px\" \/><\/a><\/p>\n<p><a href=\"http:\/\/bagn.no\/wp-content\/uploads\/2015\/03\/SAposten-01-2015-Web.pdf\">SAposten-01-2015-Web<\/a><\/p>\n<p><a href=\"http:\/\/bagn.no\/wp-content\/uploads\/2013\/12\/SAposten-05-2014-Web.pdf\">SAposten-05-2014<\/a><\/p>\n<p><a href=\"http:\/\/bagn.no\/wp-content\/uploads\/2014\/10\/SAposten-04-2014-Web.pdf\">SAposten-04-2014-Web<\/a><\/p>\n<p><a href=\"http:\/\/bagn.no\/wp-content\/uploads\/2013\/12\/SA-posten-03-2014.pdf\">SA-posten-03-2014<\/a><\/p>\n<p><a href=\"http:\/\/bagn.no\/wp-content\/uploads\/2014\/05\/SAposten-02-2014.pdf\">SAposten-02-2014<\/a><\/p>\n<h5><span style=\"color: #0000ff;\"><a href=\"http:\/\/bagn.no\/wp-content\/uploads\/2013\/12\/SAposten-01_2014.pdf\"><span style=\"color: #0000ff;\">SAposten 01_2014<\/span><\/a><\/span><\/h5>\n<h5><span style=\"color: #0000ff;\"><a href=\"http:\/\/bagn.no\/wp-content\/uploads\/2013\/12\/SApostenutgave3_2013.pdf\"><span style=\"color: #0000ff;\">SApostenutgave3_2013<\/span><\/a><\/span><\/h5>\n<h5><span style=\"color: #0000ff;\"><a href=\"http:\/\/bagn.no\/wp-content\/uploads\/2013\/12\/SA-posten-2_2013.pdf\"><span style=\"color: #0000ff;\">SA-posten 2_2013<\/span><\/a><\/span><\/h5>\n<h5><span style=\"color: #0000ff;\"><a href=\"http:\/\/bagn.no\/wp-content\/uploads\/2013\/12\/SA-posten-1_2013.pdf\"><span style=\"color: #0000ff;\">SA-posten 1_2013<\/span><\/a><\/span><\/h5>\n","protected":false},"excerpt":{"rendered":"<p>Her finner du de siste utgavene av SAposten. SAposten gis ut av nettsidene bagn.no, reinli.no og begnadalen.no. Bagn Idrettslag st\u00e5r for finansieringen sammen med annons\u00f8rer. Den deles ut gratis til alle husstander i S\u00f8r-Aurdal samt Nes i \u00c5dal. Det er ingen ansatte i SAposten og alt innhold gj\u00f8res p\u00e5 frivillig basis. Oppsett&amp; layout gj\u00f8res av [&hellip;]<\/p>\n","protected":false},"author":4,"featured_media":0,"parent":0,"menu_order":0,"comment_status":"open","ping_status":"open","template":"","meta":{"footnotes":""},"class_list":["post-19080","page","type-page","status-publish","hentry"],"_links":{"self":[{"href":"https:\/\/bagn.no\/index.php?rest_route=\/wp\/v2\/pages\/19080","targetHints":{"allow":["GET"]}}],"collection":[{"href":"https:\/\/bagn.no\/index.php?rest_route=\/wp\/v2\/pages"}],"about":[{"href":"https:\/\/bagn.no\/index.php?rest_route=\/wp\/v2\/types\/page"}],"author":[{"embeddable":true,"href":"https:\/\/bagn.no\/index.php?rest_route=\/wp\/v2\/users\/4"}],"replies":[{"embeddable":true,"href":"https:\/\/bagn.no\/index.php?rest_route=%2Fwp%2Fv2%2Fcomments&post=19080"}],"version-history":[{"count":0,"href":"https:\/\/bagn.no\/index.php?rest_route=\/wp\/v2\/pages\/19080\/revisions"}],"wp:attachment":[{"href":"https:\/\/bagn.no\/index.php?rest_route=%2Fwp%2Fv2%2Fmedia&parent=19080"}],"curies":[{"name":"wp","href":"https:\/\/api.w.org\/{rel}","templated":true}]}}