{"id":14337,"date":"2013-05-17T00:41:01","date_gmt":"2013-05-16T22:41:01","guid":{"rendered":"http:\/\/www.bagn.no\/?page_id=14337"},"modified":"2013-05-17T00:41:01","modified_gmt":"2013-05-16T22:41:01","slug":"turer","status":"publish","type":"page","link":"https:\/\/bagn.no\/?page_id=14337","title":{"rendered":"Turer"},"content":{"rendered":"<p>Om du ser etter fine turar, s\u00e5 m\u00e5 du klikke deg inn p\u00e5 vala du f\u00e5r n\u00e5r du held musepekaren p\u00e5 linken turer. No er det ikkje s\u00e5 mange turar som ligg ute enno, men i samband med bolystprosjektet Bagn IL driv er m\u00e5let \u00e5 f\u00e5 ut 50-60 turar i l\u00f8pet av 2013.<\/p>\n<p>Hovudm\u00e5let med turgaidane er \u00e5 gje deg ein ide til nye turar. Det er ingen poeng med turgaidar til m\u00e5l du kjenner godt. Dette medf\u00f8rer at det er stor variasjon i turane. Nokre turar kan g\u00e5 p\u00e5 flotte stiar i fantastisk h\u00f8gfjellsterreng, medan andre kan g\u00e5 i tett barskog. Nokre stader m\u00e5 du kanskje b\u00e6re sykkelen din, mens andre turar g\u00e5r p\u00e5 asfalt. Vi pr\u00f8ver \u00e5 gje eit innblikk i turens eigenart i gaidane, men det er ikkje sikkert vi lykkas. Dersom du har innspel til turar som manglar, eller manglar p\u00e5 turar som er med, s\u00e5 kontakt J\u00f8rn Damslora (93468644), leiar av bolystprosjektet. Han elskar \u00e5 prate om turar i og rundt S\u00f8r-Aurdal.<\/p>\n<p>&nbsp;<\/p>\n","protected":false},"excerpt":{"rendered":"<p>Om du ser etter fine turar, s\u00e5 m\u00e5 du klikke deg inn p\u00e5 vala du f\u00e5r n\u00e5r du held musepekaren p\u00e5 linken turer. No er det ikkje s\u00e5 mange turar som ligg ute enno, men i samband med bolystprosjektet Bagn IL driv er m\u00e5let \u00e5 f\u00e5 ut 50-60 turar i l\u00f8pet av 2013. Hovudm\u00e5let med [&hellip;]<\/p>\n","protected":false},"author":2,"featured_media":0,"parent":0,"menu_order":0,"comment_status":"open","ping_status":"closed","template":"","meta":{"footnotes":""},"class_list":["post-14337","page","type-page","status-publish","hentry"],"_links":{"self":[{"href":"https:\/\/bagn.no\/index.php?rest_route=\/wp\/v2\/pages\/14337","targetHints":{"allow":["GET"]}}],"collection":[{"href":"https:\/\/bagn.no\/index.php?rest_route=\/wp\/v2\/pages"}],"about":[{"href":"https:\/\/bagn.no\/index.php?rest_route=\/wp\/v2\/types\/page"}],"author":[{"embeddable":true,"href":"https:\/\/bagn.no\/index.php?rest_route=\/wp\/v2\/users\/2"}],"replies":[{"embeddable":true,"href":"https:\/\/bagn.no\/index.php?rest_route=%2Fwp%2Fv2%2Fcomments&post=14337"}],"version-history":[{"count":0,"href":"https:\/\/bagn.no\/index.php?rest_route=\/wp\/v2\/pages\/14337\/revisions"}],"wp:attachment":[{"href":"https:\/\/bagn.no\/index.php?rest_route=%2Fwp%2Fv2%2Fmedia&parent=14337"}],"curies":[{"name":"wp","href":"https:\/\/api.w.org\/{rel}","templated":true}]}}