{"id":14296,"date":"2013-05-16T23:52:05","date_gmt":"2013-05-16T21:52:05","guid":{"rendered":"http:\/\/www.bagn.no\/?page_id=14296"},"modified":"2021-07-05T14:02:12","modified_gmt":"2021-07-05T12:02:12","slug":"bagnsmoen","status":"publish","type":"page","link":"https:\/\/bagn.no\/?page_id=14296","title":{"rendered":"Bangsmoen Husflidsutsalg"},"content":{"rendered":"<h2 style=\"text-align: left;\" align=\"center\"><b>\u00a0<\/b><\/h2>\n<div id=\"attachment_14297\" style=\"width: 160px\" class=\"wp-caption alignleft\"><a href=\"http:\/\/www.bagn.no\/wp-content\/upLoads\/Bagnsmoen.jpg\"><img loading=\"lazy\" decoding=\"async\" aria-describedby=\"caption-attachment-14297\" class=\"size-thumbnail wp-image-14297\" src=\"http:\/\/bagn.no\/wp-content\/uploads\/2013\/05\/bagnsmoen-150x100.jpg\" alt=\"Den gamle disken er p\u00e5 plass\" width=\"150\" height=\"100\" \/><\/a><p id=\"caption-attachment-14297\" class=\"wp-caption-text\">Den gamle disken er p\u00e5 plass<\/p><\/div>\n<p>Bangsmoen er ei kulturperle og S\u00f8r-Aurdal sin tusen\u00e5rs-stad. I si tid var Bangsmoen det st\u00f8rste handelsbygget i Valdres. Det vart sett opp i 1881 og butikken er intakt.<\/p>\n<p><strong>\u00c5pningstider sommeren 2021 er kl. 11.00 &#8211; 16.00 hver torsdag, fredag og l\u00f8rdag.<\/strong><\/p>\n<p>Bagnsmoen har mange fine varer b\u00e5de til eige bruk og til g\u00e5ver. Det er ca. 60 husflidsprodusentar som stiller ut. Me har ogs\u00e5 heimbaka kaker, spekep\u00f8lser, gammaldagse drops, is, brus m.m.\u00a0 Salg av kaffe og vafler.<\/p>\n<p>Du finn oss p\u00e5 \u00f8ystre Bagn, vegen mot Tons\u00e5sen, n\u00e6r Bagn kyrkje, ca 700 m fr\u00e5 Valdrestunet. Adressen er Skulejordet 2.<\/p>\n<p>Kontaktpersoner: Kirsten Langedrag 91664456 og Torill Hansebakken 952 89 856<\/p>\n\n\n<p><\/p>\n","protected":false},"excerpt":{"rendered":"<p>\u00a0 Bangsmoen er ei kulturperle og S\u00f8r-Aurdal sin tusen\u00e5rs-stad. I si tid var Bangsmoen det st\u00f8rste handelsbygget i Valdres. Det vart sett opp i 1881 og butikken er intakt. \u00c5pningstider sommeren 2021 er kl. 11.00 &#8211; 16.00 hver torsdag, fredag og l\u00f8rdag. Bagnsmoen har mange fine varer b\u00e5de til eige bruk og til g\u00e5ver. Det [&hellip;]<\/p>\n","protected":false},"author":2,"featured_media":0,"parent":14304,"menu_order":0,"comment_status":"open","ping_status":"closed","template":"","meta":{"footnotes":""},"class_list":["post-14296","page","type-page","status-publish","hentry"],"_links":{"self":[{"href":"https:\/\/bagn.no\/index.php?rest_route=\/wp\/v2\/pages\/14296","targetHints":{"allow":["GET"]}}],"collection":[{"href":"https:\/\/bagn.no\/index.php?rest_route=\/wp\/v2\/pages"}],"about":[{"href":"https:\/\/bagn.no\/index.php?rest_route=\/wp\/v2\/types\/page"}],"author":[{"embeddable":true,"href":"https:\/\/bagn.no\/index.php?rest_route=\/wp\/v2\/users\/2"}],"replies":[{"embeddable":true,"href":"https:\/\/bagn.no\/index.php?rest_route=%2Fwp%2Fv2%2Fcomments&post=14296"}],"version-history":[{"count":0,"href":"https:\/\/bagn.no\/index.php?rest_route=\/wp\/v2\/pages\/14296\/revisions"}],"up":[{"embeddable":true,"href":"https:\/\/bagn.no\/index.php?rest_route=\/wp\/v2\/pages\/14304"}],"wp:attachment":[{"href":"https:\/\/bagn.no\/index.php?rest_route=%2Fwp%2Fv2%2Fmedia&parent=14296"}],"curies":[{"name":"wp","href":"https:\/\/api.w.org\/{rel}","templated":true}]}}